{"id":25,"date":"2024-02-29T18:20:20","date_gmt":"2024-02-29T15:20:20","guid":{"rendered":"https:\/\/dinyaper.renatif.com.tr\/?page_id=25"},"modified":"2024-02-29T18:20:20","modified_gmt":"2024-02-29T15:20:20","slug":"kurumsal","status":"publish","type":"page","link":"https:\/\/www.dinyaper.com\/tr_TR\/kurumsal","title":{"rendered":"Kurumsal"},"content":{"rendered":"<div class=\"singleHeading\">\n\t<div class=\"inner\">\n\t\t\t\t<div class=\"text\">HAKKIMIZDA<\/div>\n\t<\/div>\n<\/div>\n\n\n<p>Dinyaper olarak, teknoloji d\u00fcnyas\u0131nda yenilik\u00e7i \u00e7\u00f6z\u00fcmler sunmak ve i\u015fletmelerin dijital d\u00f6n\u00fc\u015f\u00fcm s\u00fcre\u00e7lerine katk\u0131 sa\u011flamak amac\u0131yla yola \u00e7\u0131kt\u0131k. Alan\u0131nda uzman ve deneyimli ekibimizle, m\u00fc\u015fterilerimize en kaliteli hizmeti sunarak onlar\u0131n ba\u015far\u0131s\u0131na ortak olmay\u0131 hedefliyoruz. \u0130\u015fletmelerin ihtiya\u00e7lar\u0131n\u0131 en iyi \u015fekilde anlayarak, onlara \u00f6zel \u00e7\u00f6z\u00fcmler \u00fcretiyor ve bu \u00e7\u00f6z\u00fcmleri en etkin \u015fekilde uygulamaya koyuyoruz.<\/p>\n\n\n\n<p>\u015eirketimizin kurulu\u015f amac\u0131, teknoloji ve inovasyonun g\u00fcc\u00fcn\u00fc kullanarak, i\u015fletmelerin i\u015f s\u00fcre\u00e7lerini daha verimli hale getirmek ve onlar\u0131n rekabet avantajlar\u0131n\u0131 art\u0131rmakt\u0131r. Teknolojinin h\u0131zla de\u011fi\u015fen dinamiklerini yak\u0131ndan takip ediyor ve en g\u00fcncel \u00e7\u00f6z\u00fcmleri m\u00fc\u015fterilerimize sunuyoruz. \u0130\u015f ortaklar\u0131m\u0131zla kurdu\u011fumuz g\u00fc\u00e7l\u00fc ili\u015fkiler sayesinde, sekt\u00f6rde fark yaratmay\u0131 ba\u015fard\u0131k.<\/p>\n\n\n<div class=\"singleHeading\">\n\t<div class=\"inner\">\n\t\t\t\t<div class=\"text\">V\u0130ZYONUMUZ<\/div>\n\t<\/div>\n<\/div>\n\n\n<p>Dinyaper olarak, m\u00fc\u015fterilerimizin i\u015f s\u00fcre\u00e7lerini dijitalle\u015ftirerek daha verimli ve rekabet\u00e7i olmalar\u0131n\u0131 sa\u011flamak i\u00e7in \u00e7al\u0131\u015f\u0131yoruz. Yenilik\u00e7i teknolojiler ve m\u00fc\u015fteri odakl\u0131 yakla\u015f\u0131m\u0131m\u0131zla, i\u015fletmelerin gelece\u011fe emin ad\u0131mlarla ilerlemelerine destek oluyoruz.<\/p>\n\n\n<div class=\"singleHeading\">\n\t<div class=\"inner\">\n\t\t\t\t<div class=\"text\">M\u0130SYONUMUZ<\/div>\n\t<\/div>\n<\/div>\n\n\n<p>Teknoloji d\u00fcnyas\u0131nda g\u00fcvenilir bir lider olmak ve m\u00fc\u015fterilerimize sundu\u011fumuz hizmetlerle sekt\u00f6rde fark yaratmak. Dinyaper olarak, s\u00fcrekli geli\u015fen teknoloji trendlerini yak\u0131ndan takip ediyor ve m\u00fc\u015fterilerimize en ileri \u00e7\u00f6z\u00fcmleri sunarak, onlar\u0131n ba\u015far\u0131s\u0131n\u0131 \u00f6n planda tutuyoruz.<\/p>\n","protected":false},"excerpt":{"rendered":"<p>Dinyaper olarak, teknoloji d\u00fcnyas\u0131nda yenilik\u00e7i \u00e7\u00f6z\u00fcmler sunmak ve i\u015fletmelerin dijital d\u00f6n\u00fc\u015f\u00fcm s\u00fcre\u00e7lerine katk\u0131 sa\u011flamak amac\u0131yla yola \u00e7\u0131kt\u0131k. Alan\u0131nda uzman ve deneyimli ekibimizle, m\u00fc\u015fterilerimize en kaliteli hizmeti sunarak onlar\u0131n ba\u015far\u0131s\u0131na ortak olmay\u0131 hedefliyoruz. \u0130\u015fletmelerin ihtiya\u00e7lar\u0131n\u0131 en iyi \u015fekilde anlayarak, onlara \u00f6zel \u00e7\u00f6z\u00fcmler \u00fcretiyor ve bu \u00e7\u00f6z\u00fcmleri en etkin \u015fekilde uygulamaya koyuyoruz. \u015eirketimizin kurulu\u015f amac\u0131, teknoloji ve [&hellip;]<\/p>\n","protected":false},"author":1,"featured_media":0,"parent":0,"menu_order":0,"comment_status":"closed","ping_status":"closed","template":"","meta":{"footnotes":""},"_links":{"self":[{"href":"https:\/\/www.dinyaper.com\/tr_TR\/wp-json\/wp\/v2\/pages\/25"}],"collection":[{"href":"https:\/\/www.dinyaper.com\/tr_TR\/wp-json\/wp\/v2\/pages"}],"about":[{"href":"https:\/\/www.dinyaper.com\/tr_TR\/wp-json\/wp\/v2\/types\/page"}],"author":[{"embeddable":true,"href":"https:\/\/www.dinyaper.com\/tr_TR\/wp-json\/wp\/v2\/users\/1"}],"replies":[{"embeddable":true,"href":"https:\/\/www.dinyaper.com\/tr_TR\/wp-json\/wp\/v2\/comments?post=25"}],"version-history":[{"count":0,"href":"https:\/\/www.dinyaper.com\/tr_TR\/wp-json\/wp\/v2\/pages\/25\/revisions"}],"wp:attachment":[{"href":"https:\/\/www.dinyaper.com\/tr_TR\/wp-json\/wp\/v2\/media?parent=25"}],"curies":[{"name":"wp","href":"https:\/\/api.w.org\/{rel}","templated":true}]}}